{"id":61,"date":"2025-12-03T10:49:10","date_gmt":"2025-12-03T10:49:10","guid":{"rendered":"https:\/\/slutsomegle.com\/home\/"},"modified":"2026-01-17T02:17:39","modified_gmt":"2026-01-17T02:17:39","slug":"home","status":"publish","type":"page","link":"https:\/\/slutsomegle.com\/tr\/","title":{"rendered":"Ev"},"content":{"rendered":"<h2>Hakk\u0131m\u0131zda<\/h2>\n\n\n\n<h2>Biz Kimiz<\/h2>\n\n\n\n<h2>Slutsomegle, yeti\u015fkin kullan\u0131c\u0131lar\u0131n e\u011flenceli ve g\u00fcvenli bir ortamda rastgele g\u00f6r\u00fcnt\u00fcl\u00fc sohbetler yoluyla ba\u011flant\u0131 kurmalar\u0131 i\u00e7in ho\u015f bir platform olu\u015fturmaya kararl\u0131d\u0131r.<\/h2>\n\n\n\n\n\n\n\n\n\n\n\n\n\n\n\n\n\n\n\n\n\n\n\n\n\n\n\n\n\n\n\n\n\n\n\n\n\n\n\n\n\n\n\n\n\n\n\n\n\n\n\n\n\n\n\n\n\n\n\n<p><span style=\"color:#444444;\">D\u00fcnya \u00e7ap\u0131ndaki kullan\u0131c\u0131larla saniyeler i\u00e7inde ba\u011flant\u0131 kurun - gecikme yok, sadece saf keyif.<\/span><\/p>\n\n\n\n\n\n<p><span style=\"color:#444444;\">Etkile\u015fimleriniz s\u0131ras\u0131nda gizlili\u011finizin her zaman korundu\u011funu bilerek g\u00f6n\u00fcl rahatl\u0131\u011f\u0131yla sohbet edin.<\/span><\/p>\n\n\n\n\n\n<p><span style=\"color:#444444;\">Kullan\u0131c\u0131 dostu aray\u00fcz\u00fcm\u00fcz, t\u00fcm \u00f6zellikleri ke\u015ffetmeyi ve yeni ba\u011flant\u0131lar bulmay\u0131 zahmetsiz hale getirir.<\/span><\/p>\n\n\n\n\n\n\n\n\n\n\n\n\n\n<h2>Heyecan Verici Kullan\u0131c\u0131 Etkile\u015fimleri<\/h2>\n\n\n\nKullan\u0131c\u0131 etkile\u015fimine ve rahatl\u0131\u011f\u0131na \u00f6ncelik veren modern bir aray\u00fcz\u00fc deneyimleyin.\n\n\n\nSlutsomegle'a bug\u00fcn kat\u0131l\u0131n ve ba\u011flant\u0131 ve arkada\u015fl\u0131k olanaklar\u0131yla dolu bir d\u00fcnyaya dal\u0131n.\n\n\n\nEtkile\u015fimleri s\u00fcrekli izleyerek ve toplulu\u011fumuzu korumak i\u00e7in kat\u0131 kurallar uygulayarak kullan\u0131c\u0131 g\u00fcvenli\u011fine \u00f6ncelik veriyoruz.\n\n\n\n\n\n\n\n<h2 [object namednodemap]>Sohbete Ba\u015flamaya Haz\u0131r m\u0131s\u0131n\u0131z?<\/h2>\n\n\n\n\n\n\n\n\n\n\n\n<h2>Toplumumuz<\/h2>\n\n\n\n\n\n\n\n\n\n<h2>Yeni Arkada\u015flarla Tan\u0131\u015f\u0131n<\/h2>\n\n\n\n<h2>Ba\u011flant\u0131, arkada\u015fl\u0131k veya sadece e\u011flenceli bir sohbet arayan di\u011fer ki\u015filerle ger\u00e7ek zamanl\u0131 sohbetlere kat\u0131l\u0131n.<\/h2>\n\n\n\n\n\n\n\n\n\n<h2>Gizlili\u011fin Tad\u0131n\u0131 \u00c7\u0131kar\u0131n<\/h2>\n\n\n\n<h2>Etkile\u015fiminiz boyunca sizi koruyan g\u00fc\u00e7l\u00fc gizlilik \u00f6zelliklerimizle endi\u015fesiz sohbet deneyimini ya\u015fay\u0131n.<\/h2>\n\n\n\n\n\n\n\n\n\n<h2>\u00d6zellikleri Ke\u015ffedin<\/h2>\n\n\n\n<h2>Filtrelerden deste\u011fe kadar sohbet deneyiminizi geli\u015ftirmek i\u00e7in tasarlanm\u0131\u015f \u00e7e\u015fitli \u00f6zellikler hakk\u0131nda bilgi edinin.<\/h2>\n\n\n\n\n\n\n\n\n\n<h2>Sohbet etmeye haz\u0131r m\u0131s\u0131n\u0131z?<\/h2>\n\n\n\n<h2>Yeni arkada\u015flarla an\u0131nda ba\u011flant\u0131 kurabilece\u011finiz inan\u0131lmaz bir platforma kat\u0131l\u0131n.<\/h2>\n\n\n\n\n\n\n\n<h2>Kullan\u0131c\u0131lar\u0131m\u0131z Ne Diyor<\/h2>\n\n\n\n<h2>Ger\u00e7ek Kullan\u0131c\u0131lardan Ger\u00e7ek Deneyimler<\/h2>\n\n\n\n\n\n\n\n\n\n\u201cSlutsomegle hayat\u0131m\u0131 de\u011fi\u015ftirdi! \u015eimdiden pek \u00e7ok harika insanla tan\u0131\u015ft\u0131m.\u201d\n\n\n\n\n\n\n\n\u201cOmegle aray\u00fcz\u00fcn\u00fcn kullan\u0131m\u0131 \u00e7ok kolay ve anl\u0131k ba\u011flant\u0131lar\u0131 seviyorum!\u201d","protected":false},"excerpt":{"rendered":"","protected":false},"author":1,"featured_media":0,"parent":0,"menu_order":0,"comment_status":"closed","ping_status":"closed","template":"","meta":{"pagelayer_contact_templates":[],"_pagelayer_content":"","footnotes":""},"class_list":["post-61","page","type-page","status-publish","hentry"],"aioseo_notices":[],"_links":{"self":[{"href":"https:\/\/slutsomegle.com\/tr\/wp-json\/wp\/v2\/pages\/61","targetHints":{"allow":["GET"]}}],"collection":[{"href":"https:\/\/slutsomegle.com\/tr\/wp-json\/wp\/v2\/pages"}],"about":[{"href":"https:\/\/slutsomegle.com\/tr\/wp-json\/wp\/v2\/types\/page"}],"author":[{"embeddable":true,"href":"https:\/\/slutsomegle.com\/tr\/wp-json\/wp\/v2\/users\/1"}],"replies":[{"embeddable":true,"href":"https:\/\/slutsomegle.com\/tr\/wp-json\/wp\/v2\/comments?post=61"}],"version-history":[{"count":29,"href":"https:\/\/slutsomegle.com\/tr\/wp-json\/wp\/v2\/pages\/61\/revisions"}],"predecessor-version":[{"id":326,"href":"https:\/\/slutsomegle.com\/tr\/wp-json\/wp\/v2\/pages\/61\/revisions\/326"}],"wp:attachment":[{"href":"https:\/\/slutsomegle.com\/tr\/wp-json\/wp\/v2\/media?parent=61"}],"curies":[{"name":"wp","href":"https:\/\/api.w.org\/{rel}","templated":true}]}}